{"id":27398279,"date":"2025-10-16T02:17:49","date_gmt":"2025-10-16T00:17:49","guid":{"rendered":"https:\/\/daria-us.com\/?page_id=27398279"},"modified":"2026-01-10T13:47:30","modified_gmt":"2026-01-10T12:47:30","slug":"job-offer-2025-102","status":"publish","type":"page","link":"https:\/\/daria-us.com\/en\/jobs\/job-offer-2025-102\/","title":{"rendered":"Stellenangebot #2025-102 &#8211; AuPair"},"content":{"rendered":"<p>[et_pb_section fb_built=&#8220;1&#8243; custom_padding_last_edited=&#8220;on|phone&#8220; _builder_version=&#8220;4.27.4&#8243; _module_preset=&#8220;default&#8220; background_color=&#8220;rgba(24,41,71,0.51)&#8220; background_image=&#8220;https:\/\/daria-us.com\/wp-content\/uploads\/2025\/10\/Daria-jobs_header.jpg&#8220; background_position=&#8220;top_center&#8220; background_blend=&#8220;multiply&#8220; background_enable_video_mp4=&#8220;off&#8220; background_enable_video_webm=&#8220;off&#8220; custom_padding=&#8220;45px||80px||false|false&#8220; custom_padding_tablet=&#8220;45px||45px||false|false&#8220; custom_padding_phone=&#8220;30px||30px||false|false&#8220; background_last_edited=&#8220;off|tablet&#8220; background_image_tablet=&#8220;https:\/\/daria-us.com\/wp-content\/uploads\/2025\/08\/headerbild_familie_optimized.jpg&#8220; background_image_phone=&#8220;https:\/\/daria-us.com\/wp-content\/uploads\/2025\/08\/headerbild_familie_optimized.jpg&#8220; background_enable_image_tablet=&#8220;on&#8220; background_enable_image_phone=&#8220;on&#8220; background_enable_video_mp4_phone=&#8220;off&#8220; background_enable_video_webm_phone=&#8220;off&#8220; locked=&#8220;off&#8220; global_colors_info=&#8220;{}&#8220;][et_pb_row _builder_version=&#8220;4.27.4&#8243; _module_preset=&#8220;default&#8220; max_width=&#8220;1200px&#8220; custom_margin=&#8220;12%|auto||auto|false|false&#8220; global_colors_info=&#8220;{}&#8220;][et_pb_column type=&#8220;4_4&#8243; _builder_version=&#8220;4.27.0&#8243; _module_preset=&#8220;default&#8220; global_colors_info=&#8220;{}&#8220;][et_pb_text module_class=&#8220;heading&#8220; _builder_version=&#8220;4.27.4&#8243; _module_preset=&#8220;default&#8220; header_font=&#8220;&#8211;et_global_heading_font||||||||&#8220; header_text_align=&#8220;center&#8220; header_text_color=&#8220;#FFFFFF&#8220; custom_margin=&#8220;||0px||false|false&#8220; header_font_size_tablet=&#8220;&#8220; header_font_size_phone=&#8220;&#8220; header_font_size_last_edited=&#8220;on|tablet&#8220; header_text_shadow_style=&#8220;preset2&#8243; global_colors_info=&#8220;{}&#8220;]<\/p>\n<h1>Werde Teil der DARIA Welt<\/h1>\n<p>[\/et_pb_text][et_pb_text content_tablet=&#8220;<\/p>\n<p>Mach den Sunshine State Florida zu deinem <strong>zweiten Standbein <\/strong>und steigere deine <strong>Lebensqualit\u00e4t<\/strong>.<\/p>\n<p>&#8220; content_phone=&#8220;<\/p>\n<p>Mach den Sunshine State Florida zu deinem <strong>zweiten Standbein <\/strong>und steigere deine <strong>Lebensqualit\u00e4t<\/strong>.<\/p>\n<p>&#8220; content_last_edited=&#8220;on|phone&#8220; module_class=&#8220;subheading&#8220; _builder_version=&#8220;4.27.4&#8243; _module_preset=&#8220;default&#8220; text_font=&#8220;||||||||&#8220; text_text_color=&#8220;#FFFFFF&#8220; text_orientation=&#8220;center&#8220; custom_padding=&#8220;20px|20px||20px|false|true&#8220; custom_padding_tablet=&#8220;20px|20px||20px|false|true&#8220; custom_padding_phone=&#8220;20px|20px||20px|false|true&#8220; custom_padding_last_edited=&#8220;on|desktop&#8220; text_font_size_tablet=&#8220;22px&#8220; text_font_size_phone=&#8220;18px&#8220; text_font_size_last_edited=&#8220;on|phone&#8220; text_text_shadow_style=&#8220;preset2&#8243; text_text_shadow_color=&#8220;rgba(61,61,71,0.74)&#8220; global_colors_info=&#8220;{}&#8220;]<\/p>\n<p>Ein Ort, an dem du deine Ideen leben,<br \/>dich weiterentwickeln und Teil von etwas Gr\u00f6\u00dferem sein kannst.<\/p>\n<p>[\/et_pb_text][\/et_pb_column][\/et_pb_row][\/et_pb_section][et_pb_section fb_built=&#8220;1&#8243; custom_padding_last_edited=&#8220;on|tablet&#8220; module_id=&#8220;blog&#8220; _builder_version=&#8220;4.27.4&#8243; _module_preset=&#8220;default&#8220; background_enable_image=&#8220;off&#8220; custom_margin=&#8220;30px||||false|false&#8220; custom_padding=&#8220;0px||0px||true|false&#8220; custom_padding_tablet=&#8220;30px||30px||true|false&#8220; custom_padding_phone=&#8220;0px||0px||true|false&#8220; locked=&#8220;off&#8220; global_colors_info=&#8220;{}&#8220;][et_pb_row _builder_version=&#8220;4.22.1&#8243; _module_preset=&#8220;default&#8220; global_colors_info=&#8220;{}&#8220;][et_pb_column type=&#8220;4_4&#8243; _builder_version=&#8220;4.22.1&#8243; _module_preset=&#8220;default&#8220; global_colors_info=&#8220;{}&#8220;][et_pb_text _builder_version=&#8220;4.27.4&#8243; _module_preset=&#8220;default&#8220; text_text_color=&#8220;#15375A&#8220; text_font_size=&#8220;20px&#8220; text_letter_spacing=&#8220;2px&#8220; header_2_font=&#8220;Montserrat|300|||||||&#8220; header_2_text_color=&#8220;#182947&#8243; header_2_font_size=&#8220;22px&#8220; header_3_font=&#8220;|300|||||||&#8220; header_3_text_color=&#8220;#FFFFFF&#8220; text_orientation=&#8220;center&#8220; custom_margin=&#8220;||0px||false|false&#8220; custom_margin_tablet=&#8220;||0px||false|false&#8220; custom_margin_phone=&#8220;||0px||false|false&#8220; custom_margin_last_edited=&#8220;on|phone&#8220; global_colors_info=&#8220;{}&#8220;]<\/p>\n<h2>Stellenangebot bei DARIA<\/h2>\n<p>[\/et_pb_text][et_pb_image src=&#8220;https:\/\/daria-us.com\/wp-content\/uploads\/2023\/09\/Daria_Welle2.svg&#8220; title_text=&#8220;Daria_Welle2&#8243; align=&#8220;center&#8220; _builder_version=&#8220;4.22.2&#8243; _module_preset=&#8220;default&#8220; width=&#8220;10%&#8220; width_tablet=&#8220;25%&#8220; width_phone=&#8220;30%&#8220; width_last_edited=&#8220;on|phone&#8220; global_colors_info=&#8220;{}&#8220;][\/et_pb_image][\/et_pb_column][\/et_pb_row][et_pb_row column_structure=&#8220;3_5,2_5&#8243; _builder_version=&#8220;4.27.4&#8243; _module_preset=&#8220;default&#8220; width_tablet=&#8220;90%&#8220; width_phone=&#8220;90%&#8220; width_last_edited=&#8220;on|phone&#8220; max_width=&#8220;1200px&#8220; custom_padding=&#8220;0px||39px|||&#8220; saved_tabs=&#8220;all&#8220; global_colors_info=&#8220;{}&#8220;][et_pb_column type=&#8220;3_5&#8243; _builder_version=&#8220;4.27.4&#8243; _module_preset=&#8220;default&#8220; global_colors_info=&#8220;{}&#8220;][et_pb_text _builder_version=&#8220;4.27.4&#8243; _module_preset=&#8220;default&#8220; global_colors_info=&#8220;{}&#8220;]<\/p>\n<h2><strong># 2025-102<\/strong><\/h2>\n<h2><strong>AuPair f\u00fcr eine liebevolle DARIA-Familie in Virginia, USA gesucht<\/strong><\/h2>\n<p><strong><\/strong><\/p>\n<p data-start=\"347\" data-end=\"614\">Du (oder deine Tochter) liebst Kinder, bist\/ist offen f\u00fcr neue Erfahrungen und m\u00f6chtest ein Jahr in den USA verbringen?<\/p>\n<p data-start=\"347\" data-end=\"614\">F\u00fcr eine kultivierte, herzliche Familie in <strong data-start=\"487\" data-end=\"499\">Virginia<\/strong> suchen wir ein <strong data-start=\"515\" data-end=\"526\">Au Pair<\/strong>, das mit Freude, Verantwortungsbewusstsein und Neugier Teil des Familienalltags wird.<\/p>\n<h3><strong data-start=\"616\" data-end=\"638\"><\/strong><\/h3>\n<h3><strong data-start=\"616\" data-end=\"638\">Was dich erwartet:<\/strong><\/h3>\n<ul>\n<li>Ein sicheres, liebevolles Zuhause in einem wundersch\u00f6nen Umfeld<\/li>\n<li>Eine offene, gebildete Familie, die dich herzlich aufnimmt<\/li>\n<li>Unterst\u00fctzung bei allen Schritten rund um Visa, Flug und Vorbereitung<\/li>\n<li>Pers\u00f6nliche Begleitung durch DARIA &#8211; von der Bewerbung bis zur Ankunft<\/li>\n<\/ul>\n<p data-start=\"927\" data-end=\"1121\"><strong data-start=\"927\" data-end=\"958\"><\/strong><\/p>\n<h3 data-start=\"927\" data-end=\"1121\"><strong data-start=\"927\" data-end=\"958\">Was du mitbringen solltest:<\/strong><\/h3>\n<ul>\n<li data-start=\"927\" data-end=\"1121\">Freude am Umgang mit Kindern<\/li>\n<li data-start=\"927\" data-end=\"1121\">Grundkenntnisse in Englisch<\/li>\n<li data-start=\"927\" data-end=\"1121\">Mindestalter 18 Jahre<\/li>\n<li data-start=\"927\" data-end=\"1121\">Offenheit, Verantwortungsgef\u00fchl und Lust, Neues zu entdecken<\/li>\n<\/ul>\n<p data-start=\"1123\" data-end=\"1323\">Wenn du oder deine Tochter Interesse habt\/hat, melde dich gern &#8211; wir begleiten dich durch den gesamten Prozess und sorgen daf\u00fcr, dass dein Au-Pair-Jahr zu einer sicheren, unvergesslichen Erfahrung wird.<\/p>\n<p>[\/et_pb_text][\/et_pb_column][et_pb_column type=&#8220;2_5&#8243; disabled_on=&#8220;off|off|off&#8220; _builder_version=&#8220;4.27.4&#8243; _module_preset=&#8220;default&#8220; custom_padding=&#8220;|||3%|false|false&#8220; border_color_all=&#8220;#9B866E&#8220; border_width_left=&#8220;1px&#8220; border_width_left_tablet=&#8220;0px&#8220; border_width_left_phone=&#8220;0px&#8220; border_width_left_last_edited=&#8220;on|phone&#8220; global_colors_info=&#8220;{}&#8220;][et_pb_image src=&#8220;https:\/\/daria-us.com\/wp-content\/uploads\/2024\/06\/Daria_Icon-1.svg&#8220; title_text=&#8220;Icon &#8211; SVG&#8220; align_tablet=&#8220;&#8220; align_phone=&#8220;&#8220; align_last_edited=&#8220;on|tablet&#8220; _builder_version=&#8220;4.27.4&#8243; _module_preset=&#8220;default&#8220; width=&#8220;30%&#8220; width_tablet=&#8220;20%&#8220; width_phone=&#8220;25%&#8220; width_last_edited=&#8220;on|desktop&#8220; module_alignment=&#8220;left&#8220; custom_margin=&#8220;||||false|false&#8220; custom_margin_tablet=&#8220;20px||1px||false|false&#8220; custom_margin_phone=&#8220;20px||1px||false|false&#8220; custom_margin_last_edited=&#8220;on|phone&#8220; module_alignment_tablet=&#8220;center&#8220; module_alignment_phone=&#8220;center&#8220; module_alignment_last_edited=&#8220;on|phone&#8220; global_colors_info=&#8220;{}&#8220;][\/et_pb_image][et_pb_text _builder_version=&#8220;4.27.5&#8243; _module_preset=&#8220;default&#8220; hover_enabled=&#8220;0&#8243; text_orientation_tablet=&#8220;center&#8220; text_orientation_phone=&#8220;&#8220; text_orientation_last_edited=&#8220;on|phone&#8220; global_colors_info=&#8220;{}&#8220; sticky_enabled=&#8220;0&#8243;]<\/p>\n<p><strong>Daria US Holding<\/strong><br \/>Headquarter 1525 Hendry St<br \/>Fort Myers, FL 33901<br \/>+1 239 946 5585<\/p>\n<p><span style=\"color: #006666;\"><strong>Dieses Stellenangebot ist nicht mehr verf\u00fcgbar. DARIA w\u00e4chst. <\/strong><\/span><\/p>\n<p><span style=\"color: #006666;\"><strong>Neue Angebote kommen bestimmt.<\/strong><\/span><\/p>\n<p>[\/et_pb_text][et_pb_button button_url=&#8220;\/initiativbewerbung\/&#8220; url_new_window=&#8220;on&#8220; button_text=&#8220;Bewirb dich gerne initiativ&#8220; button_alignment=&#8220;left&#8220; button_alignment_tablet=&#8220;center&#8220; button_alignment_phone=&#8220;center&#8220; button_alignment_last_edited=&#8220;on|phone&#8220; _builder_version=&#8220;4.27.5&#8243; _module_preset=&#8220;default&#8220; custom_margin=&#8220;30px||0px||false|false&#8220; custom_margin_tablet=&#8220;30px||0px||false|false&#8220; custom_margin_phone=&#8220;30px||30px||true|false&#8220; custom_margin_last_edited=&#8220;on|desktop&#8220; hover_enabled=&#8220;0&#8243; global_colors_info=&#8220;{}&#8220; sticky_enabled=&#8220;0&#8243;][\/et_pb_button][\/et_pb_column][\/et_pb_row][\/et_pb_section]<\/p>\n","protected":false},"excerpt":{"rendered":"<p>Werde Teil der DARIA WeltEin Ort, an dem du deine Ideen leben,dich weiterentwickeln und Teil von etwas Gr\u00f6\u00dferem sein kannst.Stellenangebot bei DARIA# 2025-102 AuPair f\u00fcr eine liebevolle DARIA-Familie in Virginia, USA gesucht Du (oder deine Tochter) liebst Kinder, bist\/ist offen f\u00fcr neue Erfahrungen und m\u00f6chtest ein Jahr in den USA verbringen? F\u00fcr eine kultivierte, herzliche [&hellip;]<\/p>\n","protected":false},"author":8,"featured_media":0,"parent":27397913,"menu_order":0,"comment_status":"closed","ping_status":"closed","template":"","meta":{"_et_pb_use_builder":"on","_et_pb_old_content":"","_et_gb_content_width":"","content-type":"","footnotes":""},"dipi_cpt_category":[],"class_list":["post-27398279","page","type-page","status-publish","hentry"],"_links":{"self":[{"href":"https:\/\/daria-us.com\/en\/wp-json\/wp\/v2\/pages\/27398279","targetHints":{"allow":["GET"]}}],"collection":[{"href":"https:\/\/daria-us.com\/en\/wp-json\/wp\/v2\/pages"}],"about":[{"href":"https:\/\/daria-us.com\/en\/wp-json\/wp\/v2\/types\/page"}],"author":[{"embeddable":true,"href":"https:\/\/daria-us.com\/en\/wp-json\/wp\/v2\/users\/8"}],"replies":[{"embeddable":true,"href":"https:\/\/daria-us.com\/en\/wp-json\/wp\/v2\/comments?post=27398279"}],"version-history":[{"count":5,"href":"https:\/\/daria-us.com\/en\/wp-json\/wp\/v2\/pages\/27398279\/revisions"}],"predecessor-version":[{"id":27399086,"href":"https:\/\/daria-us.com\/en\/wp-json\/wp\/v2\/pages\/27398279\/revisions\/27399086"}],"up":[{"embeddable":true,"href":"https:\/\/daria-us.com\/en\/wp-json\/wp\/v2\/pages\/27397913"}],"wp:attachment":[{"href":"https:\/\/daria-us.com\/en\/wp-json\/wp\/v2\/media?parent=27398279"}],"wp:term":[{"taxonomy":"dipi_cpt_category","embeddable":true,"href":"https:\/\/daria-us.com\/en\/wp-json\/wp\/v2\/dipi_cpt_category?post=27398279"}],"curies":[{"name":"wp","href":"https:\/\/api.w.org\/{rel}","templated":true}]}}