{"id":251225,"date":"2024-10-29T19:02:08","date_gmt":"2024-10-29T18:02:08","guid":{"rendered":"https:\/\/daria-us.com\/?page_id=251225"},"modified":"2026-02-06T20:34:08","modified_gmt":"2026-02-06T19:34:08","slug":"ebook-financial-freedom","status":"publish","type":"page","link":"https:\/\/daria-us.com\/en\/ebook-financial-freedom\/","title":{"rendered":"eBook | Finanzielle Freiheit"},"content":{"rendered":"<p>[et_pb_section fb_built=&#8220;1&#8243; _builder_version=&#8220;4.27.5&#8243; _module_preset=&#8220;default&#8220; background_color=&#8220;#182947&#8243; custom_padding=&#8220;||0px|||&#8220; hover_enabled=&#8220;0&#8243; global_colors_info=&#8220;{}&#8220; sticky_enabled=&#8220;0&#8243;][et_pb_row column_structure=&#8220;2_5,3_5&#8243; use_custom_gutter=&#8220;on&#8220; gutter_width=&#8220;1&#8243; make_equal=&#8220;on&#8220; custom_padding_last_edited=&#8220;on|phone&#8220; _builder_version=&#8220;4.27.5&#8243; _module_preset=&#8220;default&#8220; width=&#8220;100%&#8220; max_width=&#8220;100%&#8220; custom_margin_tablet=&#8220;50px||||false|false&#8220; custom_margin_phone=&#8220;&#8220; custom_margin_last_edited=&#8220;on|phone&#8220; custom_padding=&#8220;||0px|||&#8220; custom_padding_tablet=&#8220;||0px|||&#8220; custom_padding_phone=&#8220;||0px|||&#8220; hover_enabled=&#8220;0&#8243; global_colors_info=&#8220;{}&#8220; background_color=&#8220;RGBA(255,255,255,0)&#8220; sticky_enabled=&#8220;0&#8243;][et_pb_column type=&#8220;2_5&#8243; _builder_version=&#8220;4.27.5&#8243; _module_preset=&#8220;default&#8220; background_color=&#8220;RGBA(255,255,255,0)&#8220; custom_padding=&#8220;100px|100px||100px|false|true&#8220; custom_padding_tablet=&#8220;50px|100px||100px|false|true&#8220; custom_padding_phone=&#8220;0px|50px||50px|false|true&#8220; custom_padding_last_edited=&#8220;on|tablet&#8220; hover_enabled=&#8220;0&#8243; global_colors_info=&#8220;{}&#8220; sticky_enabled=&#8220;0&#8243;][et_pb_text _builder_version=&#8220;4.27.2&#8243; _module_preset=&#8220;default&#8220; text_text_color=&#8220;#15375A&#8220; text_font_size=&#8220;20px&#8220; text_letter_spacing=&#8220;2px&#8220; header_3_font=&#8220;|300|||||||&#8220; header_3_text_align=&#8220;left&#8220; header_3_text_color=&#8220;#9B866E&#8220; text_orientation=&#8220;center&#8220; custom_margin=&#8220;||0px|||&#8220; locked=&#8220;off&#8220; global_colors_info=&#8220;{}&#8220;]<\/p>\n<h3>Ebook<\/h3>\n<p>[\/et_pb_text][et_pb_text _builder_version=&#8220;4.27.2&#8243; _module_preset=&#8220;default&#8220; text_text_color=&#8220;#FFFFFF&#8220; header_2_text_color=&#8220;#FFFFFF&#8220; custom_margin=&#8220;||22px|||&#8220; locked=&#8220;off&#8220; global_colors_info=&#8220;{}&#8220;]<\/p>\n<h2>33 Herausforderungen, die dir auf dem Weg zur finanziellen Freiheit im Weg stehen<\/h2>\n<p>[\/et_pb_text][et_pb_button button_url=&#8220;https:\/\/share-eu1.hsforms.com\/1tf2VQlCSSz6QFRFPDaPOFwfjw22&#8243; url_new_window=&#8220;on&#8220; button_text=&#8220;Jetzt downloaden&#8220; button_alignment=&#8220;left&#8220; module_id=&#8220;dipi_popup_id_251257&#8243; _builder_version=&#8220;4.27.4&#8243; _module_preset=&#8220;default&#8220; button_border_color=&#8220;#15375A&#8220; custom_margin=&#8220;50px||0px||false|false&#8220; custom_margin_tablet=&#8220;30px||60px||false|false&#8220; custom_margin_phone=&#8220;||60px||false|false&#8220; custom_margin_last_edited=&#8220;on|phone&#8220; locked=&#8220;off&#8220; global_colors_info=&#8220;{}&#8220; button_bg_enable_color__hover=&#8220;on&#8220;][\/et_pb_button][\/et_pb_column][et_pb_column type=&#8220;3_5&#8243; _builder_version=&#8220;4.27.2&#8243; _module_preset=&#8220;default&#8220; background_enable_image=&#8220;off&#8220; background_size=&#8220;contain&#8220; global_colors_info=&#8220;{}&#8220;][et_pb_image src=&#8220;https:\/\/daria-us.com\/wp-content\/uploads\/2024\/10\/Geldmindset.jpg&#8220; title_text=&#8220;Geldmindset&#8220; _builder_version=&#8220;4.27.2&#8243; _module_preset=&#8220;default&#8220; module_alignment=&#8220;right&#8220; global_colors_info=&#8220;{}&#8220; width__hover_enabled=&#8220;on|desktop&#8220;][\/et_pb_image][\/et_pb_column][\/et_pb_row][et_pb_row column_structure=&#8220;1_3,1_3,1_3&#8243; use_custom_gutter=&#8220;on&#8220; gutter_width=&#8220;1&#8243; _builder_version=&#8220;4.27.2&#8243; _module_preset=&#8220;default&#8220; background_color=&#8220;#FFFFFF&#8220; z_index=&#8220;10&#8243; width_tablet=&#8220;&#8220; width_phone=&#8220;100%&#8220; width_last_edited=&#8220;on|phone&#8220; custom_margin=&#8220;||-40px||false|false&#8220; custom_padding=&#8220;35px|||||&#8220; box_shadow_style=&#8220;preset1&#8243; saved_tabs=&#8220;all&#8220; locked=&#8220;off&#8220; global_colors_info=&#8220;{}&#8220;][et_pb_column type=&#8220;1_3&#8243; _builder_version=&#8220;4.22.1&#8243; _module_preset=&#8220;default&#8220; global_colors_info=&#8220;{}&#8220;][et_pb_text _builder_version=&#8220;4.27.2&#8243; _module_preset=&#8220;default&#8220; text_font=&#8220;|600||on|||||&#8220; text_text_color=&#8220;#182947&#8243; text_font_size=&#8220;22px&#8220; text_line_height=&#8220;1.4em&#8220; header_2_text_align=&#8220;center&#8220; header_2_text_color=&#8220;#FFFFFF&#8220; text_orientation=&#8220;center&#8220; global_colors_info=&#8220;{}&#8220;]53 Seiten[\/et_pb_text][\/et_pb_column][et_pb_column type=&#8220;1_3&#8243; _builder_version=&#8220;4.22.1&#8243; _module_preset=&#8220;default&#8220; global_colors_info=&#8220;{}&#8220;][et_pb_text _builder_version=&#8220;4.27.2&#8243; _module_preset=&#8220;default&#8220; text_font=&#8220;|600||on|||||&#8220; text_text_color=&#8220;#182947&#8243; text_font_size=&#8220;22px&#8220; text_line_height=&#8220;1.4em&#8220; header_2_text_align=&#8220;center&#8220; header_2_text_color=&#8220;#FFFFFF&#8220; text_orientation=&#8220;center&#8220; global_colors_info=&#8220;{}&#8220;]6 Kapitel[\/et_pb_text][\/et_pb_column][et_pb_column type=&#8220;1_3&#8243; _builder_version=&#8220;4.22.1&#8243; _module_preset=&#8220;default&#8220; global_colors_info=&#8220;{}&#8220;][et_pb_text _builder_version=&#8220;4.27.2&#8243; _module_preset=&#8220;default&#8220; text_font=&#8220;|600||on|||||&#8220; text_text_color=&#8220;#182947&#8243; text_font_size=&#8220;22px&#8220; text_line_height=&#8220;1.2em&#8220; header_2_text_align=&#8220;center&#8220; header_2_text_color=&#8220;#FFFFFF&#8220; text_orientation=&#8220;center&#8220; global_colors_info=&#8220;{}&#8220;]<\/p>\n<p>Finanzielle Bildung<\/p>\n<p>[\/et_pb_text][\/et_pb_column][\/et_pb_row][\/et_pb_section][et_pb_section fb_built=&#8220;1&#8243; custom_padding_last_edited=&#8220;on|desktop&#8220; _builder_version=&#8220;4.27.2&#8243; _module_preset=&#8220;default&#8220; background_color=&#8220;#f7f7f7&#8243; background_enable_image=&#8220;off&#8220; custom_padding_tablet=&#8220;||30px||false|false&#8220; custom_padding_phone=&#8220;||30px||false|false&#8220; locked=&#8220;off&#8220; global_colors_info=&#8220;{}&#8220;][et_pb_row custom_padding_last_edited=&#8220;on|phone&#8220; _builder_version=&#8220;4.27.2&#8243; _module_preset=&#8220;default&#8220; custom_padding=&#8220;47px|||||&#8220; custom_padding_tablet=&#8220;||0px||false|false&#8220; custom_padding_phone=&#8220;||0px||false|false&#8220; global_colors_info=&#8220;{}&#8220;][et_pb_column type=&#8220;4_4&#8243; _builder_version=&#8220;4.22.1&#8243; _module_preset=&#8220;default&#8220; global_colors_info=&#8220;{}&#8220;][et_pb_text _builder_version=&#8220;4.27.2&#8243; _module_preset=&#8220;default&#8220; header_2_text_align=&#8220;center&#8220; custom_margin=&#8220;||6px|||&#8220; global_colors_info=&#8220;{}&#8220;]<\/p>\n<h2>Darum solltest du dir das eBook sichern<\/h2>\n<p>[\/et_pb_text][et_pb_image src=&#8220;https:\/\/daria-us.com\/wp-content\/uploads\/2023\/09\/Daria_Welle2.svg&#8220; title_text=&#8220;Daria_Welle2&#8243; align=&#8220;center&#8220; _builder_version=&#8220;4.22.1&#8243; _module_preset=&#8220;default&#8220; width=&#8220;10%&#8220; width_tablet=&#8220;25%&#8220; width_phone=&#8220;20%&#8220; width_last_edited=&#8220;on|desktop&#8220; global_module=&#8220;8087&#8243; saved_tabs=&#8220;all&#8220; global_colors_info=&#8220;{}&#8220;][\/et_pb_image][\/et_pb_column][\/et_pb_row][et_pb_row column_structure=&#8220;1_2,1_2&#8243; custom_padding_last_edited=&#8220;on|tablet&#8220; _builder_version=&#8220;4.27.2&#8243; _module_preset=&#8220;default&#8220; custom_margin=&#8220;||||false|false&#8220; custom_padding_tablet=&#8220;0px||||false|false&#8220; custom_padding_phone=&#8220;0px||||false|false&#8220; locked=&#8220;off&#8220; global_colors_info=&#8220;{}&#8220;][et_pb_column type=&#8220;1_2&#8243; _builder_version=&#8220;4.22.0&#8243; _module_preset=&#8220;default&#8220; global_colors_info=&#8220;{}&#8220;][et_pb_image src=&#8220;https:\/\/daria-us.com\/wp-content\/uploads\/2024\/10\/Book-Mockup-1.png&#8220; title_text=&#8220;Book-Mockup (1)&#8220; _builder_version=&#8220;4.27.2&#8243; _module_preset=&#8220;default&#8220; global_colors_info=&#8220;{}&#8220;][\/et_pb_image][\/et_pb_column][et_pb_column type=&#8220;1_2&#8243; _builder_version=&#8220;4.22.0&#8243; _module_preset=&#8220;default&#8220; global_colors_info=&#8220;{}&#8220;][et_pb_blurb image_icon_background_color=&#8220;RGBA(255,255,255,0)&#8220; image=&#8220;https:\/\/daria-us.com\/wp-content\/uploads\/2023\/09\/haken-48.png&#8220; icon_placement=&#8220;left&#8220; image_icon_width=&#8220;85%&#8220; _builder_version=&#8220;4.22.1&#8243; _module_preset=&#8220;default&#8220; body_line_height=&#8220;1.3em&#8220; width_tablet=&#8220;&#8220; width_phone=&#8220;&#8220; width_last_edited=&#8220;on|desktop&#8220; custom_margin=&#8220;||15px||false|false&#8220; global_colors_info=&#8220;{}&#8220;]<\/p>\n<p>Wir bauen gemeinsam mit unseren Mitgliedern Unternehmen auf, die der Community nutzen und gleichzeitig einen Mehrwert f\u00fcr die Umgebung bieten.<\/p>\n<p>[\/et_pb_blurb][et_pb_blurb image_icon_background_color=&#8220;RGBA(255,255,255,0)&#8220; image=&#8220;https:\/\/daria-us.com\/wp-content\/uploads\/2023\/09\/haken-48.png&#8220; icon_placement=&#8220;left&#8220; image_icon_width=&#8220;85%&#8220; _builder_version=&#8220;4.22.1&#8243; _module_preset=&#8220;default&#8220; body_line_height=&#8220;1.3em&#8220; width_tablet=&#8220;&#8220; width_phone=&#8220;&#8220; width_last_edited=&#8220;on|desktop&#8220; custom_margin=&#8220;||15px||false|false&#8220; global_colors_info=&#8220;{}&#8220;]<\/p>\n<p>Mit unserer langj\u00e4hrigen Expertise und unseren Kontakten helfen wir unseren Mitgliedern mehr finanzielle Unabh\u00e4ngigkeit zu erreichen.<\/p>\n<p>[\/et_pb_blurb][et_pb_blurb image_icon_background_color=&#8220;RGBA(255,255,255,0)&#8220; image=&#8220;https:\/\/daria-us.com\/wp-content\/uploads\/2023\/09\/haken-48.png&#8220; icon_placement=&#8220;left&#8220; image_icon_width=&#8220;85%&#8220; _builder_version=&#8220;4.22.1&#8243; _module_preset=&#8220;default&#8220; body_line_height=&#8220;1.3em&#8220; width_tablet=&#8220;&#8220; width_phone=&#8220;&#8220; width_last_edited=&#8220;on|desktop&#8220; custom_margin=&#8220;||15px||false|false&#8220; global_colors_info=&#8220;{}&#8220;]<\/p>\n<p>Ein Teil unserer Gewinne und gemeinn\u00fctzigen Aktionen, soll Menschen zugutekommen, die in unmittelbarer Umgebung Unterst\u00fctzung brauchen.<\/p>\n<p>[\/et_pb_blurb][et_pb_button button_url=&#8220;https:\/\/share-eu1.hsforms.com\/1tf2VQlCSSz6QFRFPDaPOFwfjw22&#8243; button_text=&#8220;eBook sichern&#8220; module_id=&#8220;dipi_popup_id_251257&#8243; _builder_version=&#8220;4.27.4&#8243; _module_preset=&#8220;default&#8220; button_border_color=&#8220;#15375A&#8220; custom_margin=&#8220;50px||0px||false|false&#8220; custom_margin_tablet=&#8220;||0px||false|false&#8220; custom_margin_phone=&#8220;||0px||false|false&#8220; custom_margin_last_edited=&#8220;on|tablet&#8220; locked=&#8220;off&#8220; global_colors_info=&#8220;{}&#8220; button_bg_enable_color__hover=&#8220;on&#8220;][\/et_pb_button][\/et_pb_column][\/et_pb_row][\/et_pb_section]<\/p>\n","protected":false},"excerpt":{"rendered":"<p>Ebook33 Herausforderungen, die dir auf dem Weg zur finanziellen Freiheit im Weg stehen53 Seiten6 KapitelFinanzielle BildungDarum solltest du dir das eBook sichernWir bauen gemeinsam mit unseren Mitgliedern Unternehmen auf, die der Community nutzen und gleichzeitig einen Mehrwert f\u00fcr die Umgebung bieten.Mit unserer langj\u00e4hrigen Expertise und unseren Kontakten helfen wir unseren Mitgliedern mehr finanzielle Unabh\u00e4ngigkeit zu [&hellip;]<\/p>\n","protected":false},"author":1,"featured_media":0,"parent":0,"menu_order":0,"comment_status":"closed","ping_status":"closed","template":"","meta":{"_et_pb_use_builder":"on","_et_pb_old_content":"","_et_gb_content_width":"","content-type":"","footnotes":""},"dipi_cpt_category":[],"class_list":["post-251225","page","type-page","status-publish","hentry"],"_links":{"self":[{"href":"https:\/\/daria-us.com\/en\/wp-json\/wp\/v2\/pages\/251225","targetHints":{"allow":["GET"]}}],"collection":[{"href":"https:\/\/daria-us.com\/en\/wp-json\/wp\/v2\/pages"}],"about":[{"href":"https:\/\/daria-us.com\/en\/wp-json\/wp\/v2\/types\/page"}],"author":[{"embeddable":true,"href":"https:\/\/daria-us.com\/en\/wp-json\/wp\/v2\/users\/1"}],"replies":[{"embeddable":true,"href":"https:\/\/daria-us.com\/en\/wp-json\/wp\/v2\/comments?post=251225"}],"version-history":[{"count":5,"href":"https:\/\/daria-us.com\/en\/wp-json\/wp\/v2\/pages\/251225\/revisions"}],"predecessor-version":[{"id":27399351,"href":"https:\/\/daria-us.com\/en\/wp-json\/wp\/v2\/pages\/251225\/revisions\/27399351"}],"wp:attachment":[{"href":"https:\/\/daria-us.com\/en\/wp-json\/wp\/v2\/media?parent=251225"}],"wp:term":[{"taxonomy":"dipi_cpt_category","embeddable":true,"href":"https:\/\/daria-us.com\/en\/wp-json\/wp\/v2\/dipi_cpt_category?post=251225"}],"curies":[{"name":"wp","href":"https:\/\/api.w.org\/{rel}","templated":true}]}}